{"id":15711,"date":"2026-02-18T21:03:04","date_gmt":"2026-02-18T21:03:04","guid":{"rendered":"https:\/\/gaedigital.com\/facturacionelectronica\/?page_id=15711"},"modified":"2026-02-19T17:55:33","modified_gmt":"2026-02-19T17:55:33","slug":"formulario_leads_ghl_1","status":"publish","type":"page","link":"https:\/\/gaedigital.com\/facturacionelectronica\/formulario_leads_ghl_1\/","title":{"rendered":"AG &#8211; Formulario Leads 1 &#8211; Simple"},"content":{"rendered":"\t\t<div data-elementor-type=\"wp-page\" data-elementor-id=\"15711\" class=\"elementor elementor-15711\">\n\t\t\t\t\t\t<section class=\"elementor-section elementor-top-section elementor-element elementor-element-6f536f55 elementor-section-boxed elementor-section-height-default elementor-section-height-default\" data-id=\"6f536f55\" data-element_type=\"section\" data-settings=\"{&quot;background_background&quot;:&quot;classic&quot;}\">\n\t\t\t\t\t\t<div class=\"elementor-container elementor-column-gap-default\">\n\t\t\t\t\t<div class=\"elementor-column elementor-col-50 elementor-top-column elementor-element elementor-element-1c85b41\" data-id=\"1c85b41\" data-element_type=\"column\">\n\t\t\t<div class=\"elementor-widget-wrap elementor-element-populated\">\n\t\t\t\t\t\t<div class=\"elementor-element elementor-element-76a702a elementor-widget elementor-widget-image\" data-id=\"76a702a\" data-element_type=\"widget\" data-widget_type=\"image.default\">\n\t\t\t\t<div class=\"elementor-widget-container\">\n\t\t\t\t\t\t\t\t\t\t\t\t\t\t\t<img fetchpriority=\"high\" decoding=\"async\" width=\"768\" height=\"614\" src=\"https:\/\/gaedigital.com\/facturacionelectronica\/wp-content\/uploads\/2026\/02\/men_hor2-768x614.png\" class=\"attachment-medium_large size-medium_large wp-image-15755\" alt=\"\" srcset=\"https:\/\/gaedigital.com\/facturacionelectronica\/wp-content\/uploads\/2026\/02\/men_hor2-768x614.png 768w, https:\/\/gaedigital.com\/facturacionelectronica\/wp-content\/uploads\/2026\/02\/men_hor2-300x240.png 300w, https:\/\/gaedigital.com\/facturacionelectronica\/wp-content\/uploads\/2026\/02\/men_hor2-1024x819.png 1024w, https:\/\/gaedigital.com\/facturacionelectronica\/wp-content\/uploads\/2026\/02\/men_hor2.png 1350w\" sizes=\"(max-width: 768px) 100vw, 768px\" \/>\t\t\t\t\t\t\t\t\t\t\t\t\t\t\t<\/div>\n\t\t\t\t<\/div>\n\t\t\t\t<div class=\"elementor-element elementor-element-5098210 elementor-widget elementor-widget-spacer\" data-id=\"5098210\" data-element_type=\"widget\" data-widget_type=\"spacer.default\">\n\t\t\t\t<div class=\"elementor-widget-container\">\n\t\t\t\t\t\t\t<div class=\"elementor-spacer\">\n\t\t\t<div class=\"elementor-spacer-inner\"><\/div>\n\t\t<\/div>\n\t\t\t\t\t\t<\/div>\n\t\t\t\t<\/div>\n\t\t\t\t<div data-cue=\"sbSlideInDown\" data-duration=\"700\" class=\"elementor-element elementor-element-58b8c563 display-1 elementor-widget elementor-widget-heading\" data-id=\"58b8c563\" data-element_type=\"widget\" data-widget_type=\"heading.default\">\n\t\t\t\t<div class=\"elementor-widget-container\">\n\t\t\t\t\t<h2 class=\"elementor-heading-title elementor-size-default\">\u00bfTu empresa est\u00e1 lista para emitir facturas electr\u00f3nicas en Rep\u00fablica Dominicana?<\/h2>\t\t\t\t<\/div>\n\t\t\t\t<\/div>\n\t\t\t\t<div data-cue=\"sbSlideInDown\" data-duration=\"700\" data-delay=\"300\" class=\"elementor-element elementor-element-5841059e elementor-widget elementor-widget-text-editor\" data-id=\"5841059e\" data-element_type=\"widget\" data-widget_type=\"text-editor.default\">\n\t\t\t\t<div class=\"elementor-widget-container\">\n\t\t\t\t\t\t\t\t\t<p data-start=\"94\" data-end=\"163\"><strong data-start=\"94\" data-end=\"163\">En pocos d\u00edas, la facturaci\u00f3n electr\u00f3nica ser\u00e1 obligatoria.<\/strong><\/p><p data-start=\"369\" data-end=\"509\">Nuestra soluci\u00f3n que <strong>se adapta<\/strong> al tama\u00f1o de tu negocio, para q puedas seguir facturando <strong>sin complicaciones<\/strong>.<\/p>\t\t\t\t\t\t\t\t<\/div>\n\t\t\t\t<\/div>\n\t\t\t\t<div data-cue=\"sbSlideInDown\" data-duration=\"700\" data-delay=\"300\" class=\"elementor-element elementor-element-9c3ea7c elementor-widget elementor-widget-text-editor\" data-id=\"9c3ea7c\" data-element_type=\"widget\" data-widget_type=\"text-editor.default\">\n\t\t\t\t<div class=\"elementor-widget-container\">\n\t\t\t\t\t\t\t\t\t<h3 data-start=\"1197\" data-end=\"1227\"><strong data-start=\"1201\" data-end=\"1227\">\u00bfQu\u00e9 sucede al completar el formulario?<br \/><\/strong><\/h3><h3 data-start=\"1197\" data-end=\"1227\"><img decoding=\"async\" class=\"emoji\" role=\"img\" draggable=\"false\" src=\"https:\/\/s.w.org\/images\/core\/emoji\/17.0.2\/svg\/1f449.svg\" alt=\"\ud83d\udc49\" \/> <span style=\"font-weight: normal;\">Obtendr\u00e1s<\/span> <span data-start=\"676\" data-end=\"721\">30 d\u00edas gratis de facturaci\u00f3n electr\u00f3nica<br \/><\/span><img decoding=\"async\" class=\"emoji\" role=\"img\" draggable=\"false\" src=\"https:\/\/s.w.org\/images\/core\/emoji\/17.0.2\/svg\/1f449.svg\" alt=\"\ud83d\udc49\" \/> <span style=\"font-weight: normal;\">Acceso a una<\/span> <strong data-start=\"1244\" data-end=\"1279\">consulta gratuita de 15 minutos<\/strong> <span style=\"font-weight: normal;\">para evaluar tu caso.<\/span><\/h3>\t\t\t\t\t\t\t\t<\/div>\n\t\t\t\t<\/div>\n\t\t\t\t\t<\/div>\n\t\t<\/div>\n\t\t\t\t<div class=\"elementor-column elementor-col-50 elementor-top-column elementor-element elementor-element-8cbd1ec\" data-id=\"8cbd1ec\" data-element_type=\"column\" id=\"form\" data-settings=\"{&quot;background_background&quot;:&quot;classic&quot;}\">\n\t\t\t<div class=\"elementor-widget-wrap elementor-element-populated\">\n\t\t\t\t\t\t<div class=\"elementor-element elementor-element-546a8e5 elementor-widget elementor-widget-spacer\" data-id=\"546a8e5\" data-element_type=\"widget\" data-widget_type=\"spacer.default\">\n\t\t\t\t<div class=\"elementor-widget-container\">\n\t\t\t\t\t\t\t<div class=\"elementor-spacer\">\n\t\t\t<div class=\"elementor-spacer-inner\"><\/div>\n\t\t<\/div>\n\t\t\t\t\t\t<\/div>\n\t\t\t\t<\/div>\n\t\t\t\t<div class=\"elementor-element elementor-element-88fbd13 elementor-widget elementor-widget-html\" data-id=\"88fbd13\" data-element_type=\"widget\" data-widget_type=\"html.default\">\n\t\t\t\t<div class=\"elementor-widget-container\">\n\t\t\t\t\t<iframe\n    src=\"https:\/\/api.leadconnectorhq.com\/widget\/form\/CXYxGP9MBXeM1Oik0K8g\"\n    style=\"width:100%;height:100%;border:none;border-radius:4px\"\n    id=\"inline-CXYxGP9MBXeM1Oik0K8g\" \n    data-layout=\"{'id':'INLINE'}\"\n    data-trigger-type=\"alwaysShow\"\n    data-trigger-value=\"\"\n    data-activation-type=\"alwaysActivated\"\n    data-activation-value=\"\"\n    data-deactivation-type=\"neverDeactivate\"\n    data-deactivation-value=\"\"\n    data-form-name=\"Marketing Form - Claim Offer\"\n    data-height=\"933\"\n    data-layout-iframe-id=\"inline-CXYxGP9MBXeM1Oik0K8g\"\n    data-form-id=\"CXYxGP9MBXeM1Oik0K8g\"\n    title=\"Marketing Form - Claim Offer\"\n        >\n<\/iframe>\n<script src=\"https:\/\/link.msgsndr.com\/js\/form_embed.js\"><\/script>\t\t\t\t<\/div>\n\t\t\t\t<\/div>\n\t\t\t\t\t<\/div>\n\t\t<\/div>\n\t\t\t\t\t<\/div>\n\t\t<\/section>\n\t\t\t\t<\/div>\n\t\t","protected":false},"excerpt":{"rendered":"<p>\u00bfTu empresa est\u00e1 lista para emitir facturas electr\u00f3nicas en Rep\u00fablica Dominicana? En pocos d\u00edas, la facturaci\u00f3n electr\u00f3nica ser\u00e1 obligatoria. Nuestra soluci\u00f3n que se adapta al tama\u00f1o de tu negocio, para q puedas seguir facturando sin complicaciones. \u00bfQu\u00e9 sucede al completar el formulario? Obtendr\u00e1s 30 d\u00edas gratis de facturaci\u00f3n electr\u00f3nica Acceso a una consulta gratuita de [&hellip;]<\/p>\n","protected":false},"author":4,"featured_media":0,"parent":0,"menu_order":0,"comment_status":"closed","ping_status":"closed","template":"","meta":{"footnotes":""},"class_list":["post-15711","page","type-page","status-publish","hentry"],"_links":{"self":[{"href":"https:\/\/gaedigital.com\/facturacionelectronica\/wp-json\/wp\/v2\/pages\/15711","targetHints":{"allow":["GET"]}}],"collection":[{"href":"https:\/\/gaedigital.com\/facturacionelectronica\/wp-json\/wp\/v2\/pages"}],"about":[{"href":"https:\/\/gaedigital.com\/facturacionelectronica\/wp-json\/wp\/v2\/types\/page"}],"author":[{"embeddable":true,"href":"https:\/\/gaedigital.com\/facturacionelectronica\/wp-json\/wp\/v2\/users\/4"}],"replies":[{"embeddable":true,"href":"https:\/\/gaedigital.com\/facturacionelectronica\/wp-json\/wp\/v2\/comments?post=15711"}],"version-history":[{"count":24,"href":"https:\/\/gaedigital.com\/facturacionelectronica\/wp-json\/wp\/v2\/pages\/15711\/revisions"}],"predecessor-version":[{"id":15773,"href":"https:\/\/gaedigital.com\/facturacionelectronica\/wp-json\/wp\/v2\/pages\/15711\/revisions\/15773"}],"wp:attachment":[{"href":"https:\/\/gaedigital.com\/facturacionelectronica\/wp-json\/wp\/v2\/media?parent=15711"}],"curies":[{"name":"wp","href":"https:\/\/api.w.org\/{rel}","templated":true}]}}