{"id":15717,"date":"2026-02-18T07:03:10","date_gmt":"2026-02-18T07:03:10","guid":{"rendered":"https:\/\/gaedigital.com\/facturacionelectronica\/?page_id=15717"},"modified":"2026-02-18T21:00:46","modified_gmt":"2026-02-18T21:00:46","slug":"gracias_v1","status":"publish","type":"page","link":"https:\/\/gaedigital.com\/facturacionelectronica\/gracias_v1\/","title":{"rendered":"AG &#8211; Thank You Page &#8211; FORM1 &#8211; simple"},"content":{"rendered":"\t\t<div data-elementor-type=\"wp-page\" data-elementor-id=\"15717\" class=\"elementor elementor-15717\">\n\t\t\t\t<div class=\"elementor-element elementor-element-b1413ad e-flex e-con-boxed e-con e-parent\" data-id=\"b1413ad\" data-element_type=\"container\">\n\t\t\t\t\t<div class=\"e-con-inner\">\n\t\t<div class=\"elementor-element elementor-element-5b11268 e-con-full e-flex e-con e-child\" data-id=\"5b11268\" data-element_type=\"container\">\n\t\t\t\t<div class=\"elementor-element elementor-element-efa0e78 elementor-widget elementor-widget-spacer\" data-id=\"efa0e78\" data-element_type=\"widget\" data-widget_type=\"spacer.default\">\n\t\t\t\t<div class=\"elementor-widget-container\">\n\t\t\t\t\t\t\t<div class=\"elementor-spacer\">\n\t\t\t<div class=\"elementor-spacer-inner\"><\/div>\n\t\t<\/div>\n\t\t\t\t\t\t<\/div>\n\t\t\t\t<\/div>\n\t\t\t\t<\/div>\n\t\t\t\t<div class=\"elementor-element elementor-element-1eea1e6 elementor-widget elementor-widget-image\" data-id=\"1eea1e6\" data-element_type=\"widget\" data-widget_type=\"image.default\">\n\t\t\t\t<div class=\"elementor-widget-container\">\n\t\t\t\t\t\t\t\t\t\t\t\t\t\t\t<img decoding=\"async\" width=\"150\" height=\"150\" src=\"https:\/\/gaedigital.com\/facturacionelectronica\/wp-content\/uploads\/2026\/02\/idea-150x150.png\" class=\"attachment-thumbnail size-thumbnail wp-image-15715\" alt=\"\" srcset=\"https:\/\/gaedigital.com\/facturacionelectronica\/wp-content\/uploads\/2026\/02\/idea-150x150.png 150w, https:\/\/gaedigital.com\/facturacionelectronica\/wp-content\/uploads\/2026\/02\/idea-300x300.png 300w, https:\/\/gaedigital.com\/facturacionelectronica\/wp-content\/uploads\/2026\/02\/idea-1024x1024.png 1024w, https:\/\/gaedigital.com\/facturacionelectronica\/wp-content\/uploads\/2026\/02\/idea-768x768.png 768w, https:\/\/gaedigital.com\/facturacionelectronica\/wp-content\/uploads\/2026\/02\/idea.png 1200w\" sizes=\"(max-width: 150px) 100vw, 150px\" \/>\t\t\t\t\t\t\t\t\t\t\t\t\t\t\t<\/div>\n\t\t\t\t<\/div>\n\t\t\t\t<div class=\"elementor-element elementor-element-78c111b elementor-widget elementor-widget-heading\" data-id=\"78c111b\" data-element_type=\"widget\" data-widget_type=\"heading.default\">\n\t\t\t\t<div class=\"elementor-widget-container\">\n\t\t\t\t\t<h1 class=\"elementor-heading-title elementor-size-default\">\u00a1Gracias por Registrarte!<\/h1>\t\t\t\t<\/div>\n\t\t\t\t<\/div>\n\t\t\t\t<div class=\"elementor-element elementor-element-0ea67eb elementor-widget elementor-widget-text-editor\" data-id=\"0ea67eb\" data-element_type=\"widget\" data-widget_type=\"text-editor.default\">\n\t\t\t\t<div class=\"elementor-widget-container\">\n\t\t\t\t\t\t\t\t\t<h3>Hemos recibido tu informaci\u00f3n correctamente.<\/h3><p>Uno de nuestros especialistas se pondr\u00e1 en contacto para orientarte y ayudarte a implementar la soluci\u00f3n ideal para tu empresa.<\/p>\t\t\t\t\t\t\t\t<\/div>\n\t\t\t\t<\/div>\n\t\t\t\t<div class=\"elementor-element elementor-element-0ac0974 elementor-widget elementor-widget-heading\" data-id=\"0ac0974\" data-element_type=\"widget\" data-widget_type=\"heading.default\">\n\t\t\t\t<div class=\"elementor-widget-container\">\n\t\t\t\t\t<h1 class=\"elementor-heading-title elementor-size-default\"><h2 data-start=\"527\" data-end=\"576\"><img decoding=\"async\" role=\"img\" class=\"emoji\" alt=\"\ud83d\ude80\" src=\"https:\/\/s.w.org\/images\/core\/emoji\/17.0.2\/svg\/1f680.svg\"> Mientras tanto... puedes comenzar ahora mismo<\/h2>\n<p data-start=\"578\" data-end=\"661\"><\/p><\/h1>\t\t\t\t<\/div>\n\t\t\t\t<\/div>\n\t\t\t\t<div class=\"elementor-element elementor-element-e4e41b6 elementor-widget elementor-widget-text-editor\" data-id=\"e4e41b6\" data-element_type=\"widget\" data-widget_type=\"text-editor.default\">\n\t\t\t\t<div class=\"elementor-widget-container\">\n\t\t\t\t\t\t\t\t\t<p class=\"p1\">Te invitamos a crear tu cuenta en <b>GAE<\/b> y empezar a familiarizarte con la plataforma.<\/p><p class=\"p1\">\ud83d\udc49\ud83c\udffcObtendr\u00e1s\u00a0<\/p><p class=\"p1\"><span class=\"s1\">\ud83d\udd39<\/span><b>30 d\u00edas gratis de facturaci\u00f3n electr\u00f3nica<\/b><br \/><span class=\"s1\">\ud83d\udd39<\/span>Sin compromisos<br \/><span class=\"s1\">\ud83d\udd39<\/span>Sin permanencia<br \/><span class=\"s1\">\ud83d\udd39<\/span>Sin riesgos<\/p>\t\t\t\t\t\t\t\t<\/div>\n\t\t\t\t<\/div>\n\t\t\t\t<div class=\"elementor-element elementor-element-305aa65 elementor-align-center elementor-widget elementor-widget-button\" data-id=\"305aa65\" data-element_type=\"widget\" data-widget_type=\"button.default\">\n\t\t\t\t<div class=\"elementor-widget-container\">\n\t\t\t\t\t\t\t\t\t<div class=\"elementor-button-wrapper\">\n\t\t\t\t\t<a class=\"elementor-button elementor-button-link elementor-size-sm elementor-animation-pulse\" href=\"#\" target=\"_blank\">\n\t\t\t\t\t\t<span class=\"elementor-button-content-wrapper\">\n\t\t\t\t\t\t\t\t\t<span class=\"elementor-button-text\">Crear mi cuenta ahora<\/span>\n\t\t\t\t\t<\/span>\n\t\t\t\t\t<\/a>\n\t\t\t\t<\/div>\n\t\t\t\t\t\t\t\t<\/div>\n\t\t\t\t<\/div>\n\t\t\t\t<div class=\"elementor-element elementor-element-959103f elementor-widget elementor-widget-spacer\" data-id=\"959103f\" data-element_type=\"widget\" data-widget_type=\"spacer.default\">\n\t\t\t\t<div class=\"elementor-widget-container\">\n\t\t\t\t\t\t\t<div class=\"elementor-spacer\">\n\t\t\t<div class=\"elementor-spacer-inner\"><\/div>\n\t\t<\/div>\n\t\t\t\t\t\t<\/div>\n\t\t\t\t<\/div>\n\t\t\t\t\t<\/div>\n\t\t\t\t<\/div>\n\t\t\t\t<\/div>\n\t\t","protected":false},"excerpt":{"rendered":"<p>\u00a1Gracias por Registrarte! Hemos recibido tu informaci\u00f3n correctamente. Uno de nuestros especialistas se pondr\u00e1 en contacto para orientarte y ayudarte a implementar la soluci\u00f3n ideal para tu empresa. Mientras tanto&#8230; puedes comenzar ahora mismo Te invitamos a crear tu cuenta en GAE y empezar a familiarizarte con la plataforma. \ud83d\udc49\ud83c\udffcObtendr\u00e1s\u00a0 \ud83d\udd3930 d\u00edas gratis de facturaci\u00f3n [&hellip;]<\/p>\n","protected":false},"author":4,"featured_media":0,"parent":0,"menu_order":0,"comment_status":"closed","ping_status":"closed","template":"","meta":{"footnotes":""},"class_list":["post-15717","page","type-page","status-publish","hentry"],"_links":{"self":[{"href":"https:\/\/gaedigital.com\/facturacionelectronica\/wp-json\/wp\/v2\/pages\/15717","targetHints":{"allow":["GET"]}}],"collection":[{"href":"https:\/\/gaedigital.com\/facturacionelectronica\/wp-json\/wp\/v2\/pages"}],"about":[{"href":"https:\/\/gaedigital.com\/facturacionelectronica\/wp-json\/wp\/v2\/types\/page"}],"author":[{"embeddable":true,"href":"https:\/\/gaedigital.com\/facturacionelectronica\/wp-json\/wp\/v2\/users\/4"}],"replies":[{"embeddable":true,"href":"https:\/\/gaedigital.com\/facturacionelectronica\/wp-json\/wp\/v2\/comments?post=15717"}],"version-history":[{"count":25,"href":"https:\/\/gaedigital.com\/facturacionelectronica\/wp-json\/wp\/v2\/pages\/15717\/revisions"}],"predecessor-version":[{"id":15745,"href":"https:\/\/gaedigital.com\/facturacionelectronica\/wp-json\/wp\/v2\/pages\/15717\/revisions\/15745"}],"wp:attachment":[{"href":"https:\/\/gaedigital.com\/facturacionelectronica\/wp-json\/wp\/v2\/media?parent=15717"}],"curies":[{"name":"wp","href":"https:\/\/api.w.org\/{rel}","templated":true}]}}