{"id":3581,"date":"2016-05-10T13:01:10","date_gmt":"2016-05-10T13:01:10","guid":{"rendered":"http:\/\/thesimple.ellethemes.com\/?page_id=3581"},"modified":"2022-10-13T19:34:39","modified_gmt":"2022-10-13T19:34:39","slug":"aprende","status":"publish","type":"page","link":"https:\/\/gaedigital.com\/facturacionelectronica\/aprende\/","title":{"rendered":"Aprende"},"content":{"rendered":"<p>[vc_row type=&#8221;full_width_background&#8221; bg_color=&#8221;#dae4ea&#8221;][vc_column][ult_tab_element tab_style=&#8221;Style_3&#8243; tab_animation=&#8221;None&#8221; tab_background_color=&#8221;rgba(255,255,255,0.01)&#8221; tab_hover_title_color=&#8221;#0c3b5d&#8221; tab_hover_background_color=&#8221;rgba(255,255,255,0.01)&#8221; acttab_title=&#8221;#0082ca&#8221; acttab_background=&#8221;rgba(255,255,255,0.01)&#8221; el_class=&#8221;video-tabs&#8221;][single_tab title=&#8221;REGISTRO&#8221; tab_id=&#8221;1660839545814-2-1&#8243;][vc_empty_space height=&#8221;60px&#8221;][vc_raw_html]JTNDaWZyYW1lJTIwd2lkdGglM0QlMjIxMDAlMjUlMjIlMjBoZWlnaHQlM0QlMjI1MDAlMjIlMjBzcmMlM0QlMjJodHRwcyUzQSUyRiUyRnd3dy55b3V0dWJlLW5vY29va2llLmNvbSUyRmVtYmVkJTJGMkJwNy1NcGdxdU0lM0ZyZWwlM0QwJTI2Y29udHJvbHMlM0QwJTIyJTI2c2hvd2luZm8lM0QwJTIwdGl0bGUlM0QlMjJTaW1wbHlmdW5kJTIwdmlkZW8lMjBwbGF5ZXIlMjIlMjBmcmFtZWJvcmRlciUzRCUyMjAlMjIlMjBhbGxvdyUzRCUyMmFjY2VsZXJvbWV0ZXIlM0IlMjBhdXRvcGxheSUzQiUyMGNsaXBib2FyZC13cml0ZSUzQiUyMGVuY3J5cHRlZC1tZWRpYSUzQiUyMGd5cm9zY29wZSUzQiUyMHBpY3R1cmUtaW4tcGljdHVyZSUyMiUyMGFsbG93ZnVsbHNjcmVlbiUzRSUzQyUyRmlmcmFtZSUzRQ==[\/vc_raw_html][\/single_tab][single_tab title=&#8221;INVIERTE&#8221; tab_id=&#8221;1660839520039-9&#8243;][vc_empty_space height=&#8221;60px&#8221;][vc_raw_html]JTNDaWZyYW1lJTIwd2lkdGglM0QlMjIxMDAlMjUlMjIlMjBoZWlnaHQlM0QlMjI1MDAlMjIlMjBzcmMlM0QlMjJodHRwcyUzQSUyRiUyRnd3dy55b3V0dWJlLW5vY29va2llLmNvbSUyRmVtYmVkJTJGckxPSHZiNmUzN0ElM0ZyZWwlM0QwJTI2Y29udHJvbHMlM0QwJTIyJTI2c2hvd2luZm8lM0QwJTIwdGl0bGUlM0QlMjJTaW1wbHlmdW5kJTIwdmlkZW8lMjBwbGF5ZXIlMjIlMjBmcmFtZWJvcmRlciUzRCUyMjAlMjIlMjBhbGxvdyUzRCUyMmFjY2VsZXJvbWV0ZXIlM0IlMjBhdXRvcGxheSUzQiUyMGNsaXBib2FyZC13cml0ZSUzQiUyMGVuY3J5cHRlZC1tZWRpYSUzQiUyMGd5cm9zY29wZSUzQiUyMHBpY3R1cmUtaW4tcGljdHVyZSUyMiUyMGFsbG93ZnVsbHNjcmVlbiUzRSUzQyUyRmlmcmFtZSUzRQ==[\/vc_raw_html][\/single_tab][single_tab title=&#8221;SOLICITA&#8221; tab_id=&#8221;1660839520053-6&#8243;][vc_empty_space height=&#8221;60px&#8221;][vc_raw_html]JTNDaWZyYW1lJTIwd2lkdGglM0QlMjIxMDAlMjUlMjIlMjBoZWlnaHQlM0QlMjI1MDAlMjIlMjBzcmMlM0QlMjJodHRwcyUzQSUyRiUyRnd3dy55b3V0dWJlLW5vY29va2llLmNvbSUyRmVtYmVkJTJGM1lSakpXNWUzeW8lM0ZyZWwlM0QwJTI2Y29udHJvbHMlM0QwJTIyJTI2c2hvd2luZm8lM0QwJTIwdGl0bGUlM0QlMjJTaW1wbHlmdW5kJTIwdmlkZW8lMjBwbGF5ZXIlMjIlMjBmcmFtZWJvcmRlciUzRCUyMjAlMjIlMjBhbGxvdyUzRCUyMmFjY2VsZXJvbWV0ZXIlM0IlMjBhdXRvcGxheSUzQiUyMGNsaXBib2FyZC13cml0ZSUzQiUyMGVuY3J5cHRlZC1tZWRpYSUzQiUyMGd5cm9zY29wZSUzQiUyMHBpY3R1cmUtaW4tcGljdHVyZSUyMiUyMGFsbG93ZnVsbHNjcmVlbiUzRSUzQyUyRmlmcmFtZSUzRQ==[\/vc_raw_html][\/single_tab][\/ult_tab_element][\/vc_column][\/vc_row][vc_row full_width=&#8221;stretch_row_content_no_spaces&#8221; type=&#8221;full_width_content&#8221; top_padding=&#8221;0&#8243; bottom_padding=&#8221;0&#8243;][vc_column width=&#8221;1\/2&#8243; css=&#8221;.vc_custom_1659731374325{padding-right: 70px !important;padding-left: 90px !important;}&#8221;][vc_empty_space height=&#8221;60px&#8221;][block_title style=&#8221;column_title&#8221; title=&#8221;\u00bfQuieres saber m\u00e1s?&#8221;][\/block_title][vc_column_text]Si tienes mas preguntas sobre nuestra plataforma, puedes acceder a nuestras preguntas frecuentes. Ah\u00ed podr\u00e1s encontrar varios detalles sobre los usuarios, el proceso de invertir y c\u00f3mo solicitar fondos.[\/vc_column_text][button title=&#8221;Preguntas Frecuentes&#8221; link=&#8221;https:\/\/gaedigital.com\/v2\/preguntas-frecuentes\/&#8221; icon=&#8221;linea-arrows-right&#8221;][\/vc_column][vc_column width=&#8221;1\/2&#8243; centered_cont=&#8221;true&#8221; centered_cont_vertical=&#8221;true&#8221; column_padding=&#8221;0&#8243; background_image=&#8221;6497&#8243; css=&#8221;.vc_custom_1660841680446{margin-top: 0px !important;margin-right: 0px !important;margin-bottom: 0px !important;margin-left: 0px !important;padding-top: 0px !important;padding-right: 0px !important;padding-bottom: 0px !important;padding-left: 0px !important;}&#8221; offset=&#8221;vc_hidden-xs&#8221;][vc_empty_space height=&#8221;400px&#8221;][\/vc_column][\/vc_row]<\/p>\n","protected":false},"excerpt":{"rendered":"<p>[vc_row type=&#8221;full_width_background&#8221; bg_color=&#8221;#dae4ea&#8221;][vc_column][ult_tab_element tab_style=&#8221;Style_3&#8243; tab_animation=&#8221;None&#8221; tab_background_color=&#8221;rgba(255,255,255,0.01)&#8221; tab_hover_title_color=&#8221;#0c3b5d&#8221; tab_hover_background_color=&#8221;rgba(255,255,255,0.01)&#8221; acttab_title=&#8221;#0082ca&#8221; acttab_background=&#8221;rgba(255,255,255,0.01)&#8221; el_class=&#8221;video-tabs&#8221;][single_tab title=&#8221;REGISTRO&#8221; tab_id=&#8221;1660839545814-2-1&#8243;][vc_empty_space height=&#8221;60px&#8221;][vc_raw_html]JTNDaWZyYW1lJTIwd2lkdGglM0QlMjIxMDAlMjUlMjIlMjBoZWlnaHQlM0QlMjI1MDAlMjIlMjBzcmMlM0QlMjJodHRwcyUzQSUyRiUyRnd3dy55b3V0dWJlLW5vY29va2llLmNvbSUyRmVtYmVkJTJGMkJwNy1NcGdxdU0lM0ZyZWwlM0QwJTI2Y29udHJvbHMlM0QwJTIyJTI2c2hvd2luZm8lM0QwJTIwdGl0bGUlM0QlMjJTaW1wbHlmdW5kJTIwdmlkZW8lMjBwbGF5ZXIlMjIlMjBmcmFtZWJvcmRlciUzRCUyMjAlMjIlMjBhbGxvdyUzRCUyMmFjY2VsZXJvbWV0ZXIlM0IlMjBhdXRvcGxheSUzQiUyMGNsaXBib2FyZC13cml0ZSUzQiUyMGVuY3J5cHRlZC1tZWRpYSUzQiUyMGd5cm9zY29wZSUzQiUyMHBpY3R1cmUtaW4tcGljdHVyZSUyMiUyMGFsbG93ZnVsbHNjcmVlbiUzRSUzQyUyRmlmcmFtZSUzRQ==[\/vc_raw_html][\/single_tab][single_tab title=&#8221;INVIERTE&#8221; tab_id=&#8221;1660839520039-9&#8243;][vc_empty_space height=&#8221;60px&#8221;][vc_raw_html]JTNDaWZyYW1lJTIwd2lkdGglM0QlMjIxMDAlMjUlMjIlMjBoZWlnaHQlM0QlMjI1MDAlMjIlMjBzcmMlM0QlMjJodHRwcyUzQSUyRiUyRnd3dy55b3V0dWJlLW5vY29va2llLmNvbSUyRmVtYmVkJTJGckxPSHZiNmUzN0ElM0ZyZWwlM0QwJTI2Y29udHJvbHMlM0QwJTIyJTI2c2hvd2luZm8lM0QwJTIwdGl0bGUlM0QlMjJTaW1wbHlmdW5kJTIwdmlkZW8lMjBwbGF5ZXIlMjIlMjBmcmFtZWJvcmRlciUzRCUyMjAlMjIlMjBhbGxvdyUzRCUyMmFjY2VsZXJvbWV0ZXIlM0IlMjBhdXRvcGxheSUzQiUyMGNsaXBib2FyZC13cml0ZSUzQiUyMGVuY3J5cHRlZC1tZWRpYSUzQiUyMGd5cm9zY29wZSUzQiUyMHBpY3R1cmUtaW4tcGljdHVyZSUyMiUyMGFsbG93ZnVsbHNjcmVlbiUzRSUzQyUyRmlmcmFtZSUzRQ==[\/vc_raw_html][\/single_tab][single_tab title=&#8221;SOLICITA&#8221; tab_id=&#8221;1660839520053-6&#8243;][vc_empty_space height=&#8221;60px&#8221;][vc_raw_html]JTNDaWZyYW1lJTIwd2lkdGglM0QlMjIxMDAlMjUlMjIlMjBoZWlnaHQlM0QlMjI1MDAlMjIlMjBzcmMlM0QlMjJodHRwcyUzQSUyRiUyRnd3dy55b3V0dWJlLW5vY29va2llLmNvbSUyRmVtYmVkJTJGM1lSakpXNWUzeW8lM0ZyZWwlM0QwJTI2Y29udHJvbHMlM0QwJTIyJTI2c2hvd2luZm8lM0QwJTIwdGl0bGUlM0QlMjJTaW1wbHlmdW5kJTIwdmlkZW8lMjBwbGF5ZXIlMjIlMjBmcmFtZWJvcmRlciUzRCUyMjAlMjIlMjBhbGxvdyUzRCUyMmFjY2VsZXJvbWV0ZXIlM0IlMjBhdXRvcGxheSUzQiUyMGNsaXBib2FyZC13cml0ZSUzQiUyMGVuY3J5cHRlZC1tZWRpYSUzQiUyMGd5cm9zY29wZSUzQiUyMHBpY3R1cmUtaW4tcGljdHVyZSUyMiUyMGFsbG93ZnVsbHNjcmVlbiUzRSUzQyUyRmlmcmFtZSUzRQ==[\/vc_raw_html][\/single_tab][\/ult_tab_element][\/vc_column][\/vc_row][vc_row full_width=&#8221;stretch_row_content_no_spaces&#8221; type=&#8221;full_width_content&#8221; top_padding=&#8221;0&#8243; bottom_padding=&#8221;0&#8243;][vc_column width=&#8221;1\/2&#8243; css=&#8221;.vc_custom_1659731374325{padding-right: 70px !important;padding-left: 90px !important;}&#8221;][vc_empty_space height=&#8221;60px&#8221;][block_title style=&#8221;column_title&#8221; title=&#8221;\u00bfQuieres saber m\u00e1s?&#8221;][\/block_title][vc_column_text]Si tienes mas preguntas sobre nuestra plataforma, puedes acceder a nuestras preguntas frecuentes. Ah\u00ed podr\u00e1s encontrar varios detalles sobre los usuarios, [&hellip;]<\/p>\n","protected":false},"author":1,"featured_media":0,"parent":0,"menu_order":0,"comment_status":"closed","ping_status":"closed","template":"","meta":{"footnotes":""},"class_list":["post-3581","page","type-page","status-publish","hentry"],"_links":{"self":[{"href":"https:\/\/gaedigital.com\/facturacionelectronica\/wp-json\/wp\/v2\/pages\/3581","targetHints":{"allow":["GET"]}}],"collection":[{"href":"https:\/\/gaedigital.com\/facturacionelectronica\/wp-json\/wp\/v2\/pages"}],"about":[{"href":"https:\/\/gaedigital.com\/facturacionelectronica\/wp-json\/wp\/v2\/types\/page"}],"author":[{"embeddable":true,"href":"https:\/\/gaedigital.com\/facturacionelectronica\/wp-json\/wp\/v2\/users\/1"}],"replies":[{"embeddable":true,"href":"https:\/\/gaedigital.com\/facturacionelectronica\/wp-json\/wp\/v2\/comments?post=3581"}],"version-history":[{"count":33,"href":"https:\/\/gaedigital.com\/facturacionelectronica\/wp-json\/wp\/v2\/pages\/3581\/revisions"}],"predecessor-version":[{"id":6811,"href":"https:\/\/gaedigital.com\/facturacionelectronica\/wp-json\/wp\/v2\/pages\/3581\/revisions\/6811"}],"wp:attachment":[{"href":"https:\/\/gaedigital.com\/facturacionelectronica\/wp-json\/wp\/v2\/media?parent=3581"}],"curies":[{"name":"wp","href":"https:\/\/api.w.org\/{rel}","templated":true}]}}