{"id":4167,"date":"2022-09-08T04:09:36","date_gmt":"2022-09-08T04:09:36","guid":{"rendered":"https:\/\/demo.oceanthemes.site\/sandbox\/?page_id=4167"},"modified":"2025-07-17T13:49:42","modified_gmt":"2025-07-17T13:49:42","slug":"about","status":"publish","type":"page","link":"https:\/\/gaedigital.com\/facturacionelectronica\/about\/","title":{"rendered":"About"},"content":{"rendered":"\t\t<div data-elementor-type=\"wp-page\" data-elementor-id=\"4167\" class=\"elementor elementor-4167\">\n\t\t\t\t\t\t<section class=\"elementor-section elementor-top-section elementor-element elementor-element-cb2db3f elementor-section-full_width elementor-section-height-default elementor-section-height-default\" data-id=\"cb2db3f\" data-element_type=\"section\" data-settings=\"{&quot;shape_divider_bottom&quot;:&quot;tilt&quot;,&quot;background_background&quot;:&quot;classic&quot;}\">\n\t\t\t\t\t<div class=\"elementor-shape elementor-shape-bottom\" aria-hidden=\"true\" data-negative=\"false\">\n\t\t\t<svg xmlns=\"http:\/\/www.w3.org\/2000\/svg\" viewBox=\"0 0 1000 100\" preserveAspectRatio=\"none\">\n\t<path class=\"elementor-shape-fill\" d=\"M0,6V0h1000v100L0,6z\"\/>\n<\/svg>\t\t<\/div>\n\t\t\t\t\t<div class=\"elementor-container elementor-column-gap-default\">\n\t\t\t\t\t<div class=\"elementor-column elementor-col-100 elementor-top-column elementor-element elementor-element-9d908c6\" data-id=\"9d908c6\" data-element_type=\"column\">\n\t\t\t<div class=\"elementor-widget-wrap elementor-element-populated\">\n\t\t\t\t\t\t<section class=\"elementor-section elementor-inner-section elementor-element elementor-element-d80b026 elementor-section-boxed elementor-section-height-default elementor-section-height-default\" data-id=\"d80b026\" data-element_type=\"section\" data-settings=\"{&quot;background_background&quot;:&quot;classic&quot;}\">\n\t\t\t\t\t\t<div class=\"elementor-container elementor-column-gap-default\">\n\t\t\t\t\t<div class=\"elementor-column elementor-col-100 elementor-inner-column elementor-element elementor-element-e056c19\" data-id=\"e056c19\" data-element_type=\"column\">\n\t\t\t<div class=\"elementor-widget-wrap elementor-element-populated\">\n\t\t\t\t\t\t<div class=\"elementor-element elementor-element-72bb1ba display-1 elementor-widget elementor-widget-heading\" data-id=\"72bb1ba\" data-element_type=\"widget\" data-widget_type=\"heading.default\">\n\t\t\t\t<div class=\"elementor-widget-container\">\n\t\t\t\t\t<h1 class=\"elementor-heading-title elementor-size-default\">Existimos para ayudarte a tener \u00e9xito.\n<\/h1>\t\t\t\t<\/div>\n\t\t\t\t<\/div>\n\t\t\t\t<div class=\"elementor-element elementor-element-e401a44 elementor-widget elementor-widget-text-editor\" data-id=\"e401a44\" data-element_type=\"widget\" data-widget_type=\"text-editor.default\">\n\t\t\t\t<div class=\"elementor-widget-container\">\n\t\t\t\t\t\t\t\t\t<p>En GAE, nuestra misi\u00f3n es facilitar a las organizaciones sus procesos comerciales a trav\u00e9s de herramientas digitales que se integren a sus sistemas y que faciliten la interacci\u00f3n con sus proveedores y clientes.<\/p>\t\t\t\t\t\t\t\t<\/div>\n\t\t\t\t<\/div>\n\t\t\t\t\t<\/div>\n\t\t<\/div>\n\t\t\t\t\t<\/div>\n\t\t<\/section>\n\t\t\t\t<section class=\"elementor-section elementor-inner-section elementor-element elementor-element-6973da4 elementor-section-full_width elementor-section-height-default elementor-section-height-default\" data-id=\"6973da4\" data-element_type=\"section\">\n\t\t\t\t\t\t<div class=\"elementor-container elementor-column-gap-default\">\n\t\t\t\t\t<div class=\"elementor-column elementor-col-100 elementor-inner-column elementor-element elementor-element-e122849\" data-id=\"e122849\" data-element_type=\"column\">\n\t\t\t<div class=\"elementor-widget-wrap elementor-element-populated\">\n\t\t\t\t\t\t<div class=\"elementor-element elementor-element-0de694f elementor-widget elementor-widget-image\" data-id=\"0de694f\" data-element_type=\"widget\" data-widget_type=\"image.default\">\n\t\t\t\t<div class=\"elementor-widget-container\">\n\t\t\t\t\t\t\t\t\t\t\t\t\t\t\t<img fetchpriority=\"high\" decoding=\"async\" width=\"2560\" height=\"914\" src=\"https:\/\/gaedigital.com\/facturacionelectronica\/wp-content\/uploads\/2022\/09\/bg12-scaled-1.jpg\" class=\"attachment-full size-full wp-image-4191\" alt=\"\" srcset=\"https:\/\/gaedigital.com\/facturacionelectronica\/wp-content\/uploads\/2022\/09\/bg12-scaled-1.jpg 2560w, https:\/\/gaedigital.com\/facturacionelectronica\/wp-content\/uploads\/2022\/09\/bg12-scaled-1-300x107.jpg 300w, https:\/\/gaedigital.com\/facturacionelectronica\/wp-content\/uploads\/2022\/09\/bg12-scaled-1-1024x366.jpg 1024w, https:\/\/gaedigital.com\/facturacionelectronica\/wp-content\/uploads\/2022\/09\/bg12-scaled-1-768x274.jpg 768w, https:\/\/gaedigital.com\/facturacionelectronica\/wp-content\/uploads\/2022\/09\/bg12-scaled-1-1536x548.jpg 1536w, https:\/\/gaedigital.com\/facturacionelectronica\/wp-content\/uploads\/2022\/09\/bg12-scaled-1-2048x731.jpg 2048w\" sizes=\"(max-width: 2560px) 100vw, 2560px\" \/>\t\t\t\t\t\t\t\t\t\t\t\t\t\t\t<\/div>\n\t\t\t\t<\/div>\n\t\t\t\t\t<\/div>\n\t\t<\/div>\n\t\t\t\t\t<\/div>\n\t\t<\/section>\n\t\t\t\t\t<\/div>\n\t\t<\/div>\n\t\t\t\t\t<\/div>\n\t\t<\/section>\n\t\t\t\t<section class=\"elementor-section elementor-top-section elementor-element elementor-element-3e856d4 elementor-section-content-middle elementor-reverse-tablet elementor-reverse-mobile elementor-section-boxed elementor-section-height-default elementor-section-height-default\" data-id=\"3e856d4\" data-element_type=\"section\" data-settings=\"{&quot;background_background&quot;:&quot;classic&quot;}\">\n\t\t\t\t\t\t<div class=\"elementor-container elementor-column-gap-default\">\n\t\t\t\t\t<div class=\"elementor-column elementor-col-50 elementor-top-column elementor-element elementor-element-2dd72c7\" data-id=\"2dd72c7\" data-element_type=\"column\">\n\t\t\t<div class=\"elementor-widget-wrap elementor-element-populated\">\n\t\t\t\t\t\t<div class=\"elementor-element elementor-element-415efcc ot-view-default elementor-widget elementor-widget-ot-iconbox\" data-id=\"415efcc\" data-element_type=\"widget\" data-widget_type=\"ot-iconbox.default\">\n\t\t\t\t<div class=\"elementor-widget-container\">\n\t\t\t\t\t\t\t<div class=\"ot-icon-box box-content\">\r\n\t\t\t\t        <div class=\"ot-icon-box__content\">\r\n\t        \t<h4 class=\"icon-box-title\">\u00bfQui\u00e9nes Somos?<\/h4>\t\t\t\t\t\t\t\t\t\t\t<\/div>\t\r\n\t    <\/div>\r\n\t    \t\t\t\t<\/div>\n\t\t\t\t<\/div>\n\t\t\t\t<div class=\"elementor-element elementor-element-7daa5e0 elementor-widget elementor-widget-text-editor\" data-id=\"7daa5e0\" data-element_type=\"widget\" data-widget_type=\"text-editor.default\">\n\t\t\t\t<div class=\"elementor-widget-container\">\n\t\t\t\t\t\t\t\t\t<p>GAE Business S A S es una empresa dedicada a desarrollar soluciones tecnol\u00f3gicas que fortalezcan las transacciones comerciales entre empresas en base las necesidades latentes del mercado, como agilidad, sostenibilidad, seguridad de datos, personalizaci\u00f3n y colaboraci\u00f3n en tiempo real.<\/p>\t\t\t\t\t\t\t\t<\/div>\n\t\t\t\t<\/div>\n\t\t\t\t<section class=\"elementor-section elementor-inner-section elementor-element elementor-element-ab89172 elementor-section-boxed elementor-section-height-default elementor-section-height-default\" data-id=\"ab89172\" data-element_type=\"section\">\n\t\t\t\t\t\t<div class=\"elementor-container elementor-column-gap-default\">\n\t\t\t\t\t<div class=\"elementor-column elementor-col-50 elementor-inner-column elementor-element elementor-element-4322f42\" data-id=\"4322f42\" data-element_type=\"column\">\n\t\t\t<div class=\"elementor-widget-wrap elementor-element-populated\">\n\t\t\t\t\t\t<div class=\"elementor-element elementor-element-6354b69 ot-view-stacked ot-position-left ot-vertical-align-top elementor-widget elementor-widget-ot-iconbox\" data-id=\"6354b69\" data-element_type=\"widget\" data-widget_type=\"ot-iconbox.default\">\n\t\t\t\t<div class=\"elementor-widget-container\">\n\t\t\t\t\t\t\t<div class=\"ot-icon-box box-content\">\r\n\t\t\t\t\t\t<div class=\"ot-icon-box__icon flex-gap\">\r\n\t\t\t\t<i aria-hidden=\"true\" class=\" uil-check\"><\/i>\t        <\/div>\r\n\t        \t        <div class=\"ot-icon-box__content\">\r\n\t        \t<span class=\"icon-box-title\">Facilitamos la integraci\u00f3n de sistemas empresariales para mejorar la eficiencia operativa y contable de nuestros clientes.<\/span>\t\t\t\t\t\t\t\t\t\t\t<\/div>\t\r\n\t    <\/div>\r\n\t    \t\t\t\t<\/div>\n\t\t\t\t<\/div>\n\t\t\t\t\t<\/div>\n\t\t<\/div>\n\t\t\t\t<div class=\"elementor-column elementor-col-50 elementor-inner-column elementor-element elementor-element-117b267\" data-id=\"117b267\" data-element_type=\"column\">\n\t\t\t<div class=\"elementor-widget-wrap elementor-element-populated\">\n\t\t\t\t\t\t<div class=\"elementor-element elementor-element-64443dc ot-view-stacked ot-position-left ot-vertical-align-top elementor-widget elementor-widget-ot-iconbox\" data-id=\"64443dc\" data-element_type=\"widget\" data-widget_type=\"ot-iconbox.default\">\n\t\t\t\t<div class=\"elementor-widget-container\">\n\t\t\t\t\t\t\t<div class=\"ot-icon-box box-content\">\r\n\t\t\t\t\t\t<div class=\"ot-icon-box__icon flex-gap\">\r\n\t\t\t\t<i aria-hidden=\"true\" class=\" uil-check\"><\/i>\t        <\/div>\r\n\t        \t        <div class=\"ot-icon-box__content\">\r\n\t        \t<span class=\"icon-box-title\">Fortalecemos la seguridad y trazabilidad en la gesti\u00f3n de transacciones comerciales mediante herramientas digitales avanzadas.<\/span>\t\t\t\t\t\t\t\t\t\t\t<\/div>\t\r\n\t    <\/div>\r\n\t    \t\t\t\t<\/div>\n\t\t\t\t<\/div>\n\t\t\t\t\t<\/div>\n\t\t<\/div>\n\t\t\t\t\t<\/div>\n\t\t<\/section>\n\t\t\t\t\t<\/div>\n\t\t<\/div>\n\t\t\t\t<div class=\"elementor-column elementor-col-50 elementor-top-column elementor-element elementor-element-f9e610a\" data-id=\"f9e610a\" data-element_type=\"column\">\n\t\t\t<div class=\"elementor-widget-wrap elementor-element-populated\">\n\t\t\t\t\t\t<div class=\"elementor-element elementor-element-ff4eda4 elementor-widget__width-initial elementor-absolute elementor-hidden-mobile elementor-widget elementor-widget-html\" data-id=\"ff4eda4\" data-element_type=\"widget\" data-settings=\"{&quot;_position&quot;:&quot;absolute&quot;}\" data-widget_type=\"html.default\">\n\t\t\t\t<div class=\"elementor-widget-container\">\n\t\t\t\t\t<div class=\"bg-dot primary rellax w-16 h-20 h-18\" data-rellax-speed=\"1\"><\/div>\t\t\t\t<\/div>\n\t\t\t\t<\/div>\n\t\t\t\t<section class=\"elementor-section elementor-inner-section elementor-element elementor-element-cfdc1cf elementor-section-boxed elementor-section-height-default elementor-section-height-default\" data-id=\"cfdc1cf\" data-element_type=\"section\">\n\t\t\t\t\t\t<div class=\"elementor-container elementor-column-gap-default\">\n\t\t\t\t\t<div class=\"elementor-column elementor-col-100 elementor-inner-column elementor-element elementor-element-22fa1bc\" data-id=\"22fa1bc\" data-element_type=\"column\">\n\t\t\t<div class=\"elementor-widget-wrap elementor-element-populated\">\n\t\t\t\t\t\t<div class=\"elementor-element elementor-element-05b758c elementor-widget elementor-widget-image\" data-id=\"05b758c\" data-element_type=\"widget\" data-widget_type=\"image.default\">\n\t\t\t\t<div class=\"elementor-widget-container\">\n\t\t\t\t\t\t\t\t\t\t\t\t\t\t\t<img decoding=\"async\" width=\"900\" height=\"900\" src=\"https:\/\/gaedigital.com\/facturacionelectronica\/wp-content\/uploads\/2022\/09\/about2.jpg\" class=\"attachment-full size-full wp-image-4264\" alt=\"\" srcset=\"https:\/\/gaedigital.com\/facturacionelectronica\/wp-content\/uploads\/2022\/09\/about2.jpg 900w, https:\/\/gaedigital.com\/facturacionelectronica\/wp-content\/uploads\/2022\/09\/about2-300x300.jpg 300w, https:\/\/gaedigital.com\/facturacionelectronica\/wp-content\/uploads\/2022\/09\/about2-150x150.jpg 150w, https:\/\/gaedigital.com\/facturacionelectronica\/wp-content\/uploads\/2022\/09\/about2-768x768.jpg 768w\" sizes=\"(max-width: 900px) 100vw, 900px\" \/>\t\t\t\t\t\t\t\t\t\t\t\t\t\t\t<\/div>\n\t\t\t\t<\/div>\n\t\t\t\t\t<\/div>\n\t\t<\/div>\n\t\t\t\t\t<\/div>\n\t\t<\/section>\n\t\t\t\t<section class=\"elementor-section elementor-inner-section elementor-element elementor-element-c793829 elementor-section-boxed elementor-section-height-default elementor-section-height-default\" data-id=\"c793829\" data-element_type=\"section\">\n\t\t\t\t\t\t<div class=\"elementor-container elementor-column-gap-default\">\n\t\t\t\t\t<div class=\"elementor-column elementor-col-100 elementor-inner-column elementor-element elementor-element-cc493c9\" data-id=\"cc493c9\" data-element_type=\"column\">\n\t\t\t<div class=\"elementor-widget-wrap elementor-element-populated\">\n\t\t\t\t\t\t<div class=\"elementor-element elementor-element-1af9928 elementor-widget elementor-widget-image\" data-id=\"1af9928\" data-element_type=\"widget\" data-widget_type=\"image.default\">\n\t\t\t\t<div class=\"elementor-widget-container\">\n\t\t\t\t\t\t\t\t\t\t\t\t\t\t\t<img decoding=\"async\" src=\"https:\/\/ot-sandbox.s3.amazonaws.com\/images\/about3.jpg\" title=\"\" alt=\"\" loading=\"lazy\" \/>\t\t\t\t\t\t\t\t\t\t\t\t\t\t\t<\/div>\n\t\t\t\t<\/div>\n\t\t\t\t\t<\/div>\n\t\t<\/div>\n\t\t\t\t\t<\/div>\n\t\t<\/section>\n\t\t\t\t\t<\/div>\n\t\t<\/div>\n\t\t\t\t\t<\/div>\n\t\t<\/section>\n\t\t\t\t<section class=\"elementor-section elementor-top-section elementor-element elementor-element-8aa9d2b elementor-section-content-middle elementor-section-boxed elementor-section-height-default elementor-section-height-default\" data-id=\"8aa9d2b\" data-element_type=\"section\" data-settings=\"{&quot;background_background&quot;:&quot;classic&quot;,&quot;shape_divider_top&quot;:&quot;tilt&quot;}\">\n\t\t\t\t\t<div class=\"elementor-shape elementor-shape-top\" aria-hidden=\"true\" data-negative=\"false\">\n\t\t\t<svg xmlns=\"http:\/\/www.w3.org\/2000\/svg\" viewBox=\"0 0 1000 100\" preserveAspectRatio=\"none\">\n\t<path class=\"elementor-shape-fill\" d=\"M0,6V0h1000v100L0,6z\"\/>\n<\/svg>\t\t<\/div>\n\t\t\t\t\t<div class=\"elementor-container elementor-column-gap-default\">\n\t\t\t\t\t<div class=\"elementor-column elementor-col-50 elementor-top-column elementor-element elementor-element-4c0aa1e elementor-hidden-mobile\" data-id=\"4c0aa1e\" data-element_type=\"column\">\n\t\t\t<div class=\"elementor-widget-wrap elementor-element-populated\">\n\t\t\t\t\t\t<div class=\"elementor-element elementor-element-24b31ac elementor-absolute elementor-widget__width-initial elementor-widget elementor-widget-html\" data-id=\"24b31ac\" data-element_type=\"widget\" data-settings=\"{&quot;_position&quot;:&quot;absolute&quot;}\" data-widget_type=\"html.default\">\n\t\t\t\t<div class=\"elementor-widget-container\">\n\t\t\t\t\t<div class=\"rounded-circle bg-primary rellax w-21 h-21 d-md-none d-lg-block\" data-rellax-speed=\"1\"><\/div>\t\t\t\t<\/div>\n\t\t\t\t<\/div>\n\t\t\t\t<div class=\"elementor-element elementor-element-5102905 elementor-widget elementor-widget-image\" data-id=\"5102905\" data-element_type=\"widget\" data-widget_type=\"image.default\">\n\t\t\t\t<div class=\"elementor-widget-container\">\n\t\t\t\t\t\t\t\t\t\t\t\t\t\t\t<img decoding=\"async\" width=\"910\" height=\"1240\" src=\"https:\/\/gaedigital.com\/facturacionelectronica\/wp-content\/uploads\/2022\/09\/co1.png\" class=\"attachment-full size-full wp-image-4419\" alt=\"\" srcset=\"https:\/\/gaedigital.com\/facturacionelectronica\/wp-content\/uploads\/2022\/09\/co1.png 910w, https:\/\/gaedigital.com\/facturacionelectronica\/wp-content\/uploads\/2022\/09\/co1-220x300.png 220w, https:\/\/gaedigital.com\/facturacionelectronica\/wp-content\/uploads\/2022\/09\/co1-751x1024.png 751w, https:\/\/gaedigital.com\/facturacionelectronica\/wp-content\/uploads\/2022\/09\/co1-768x1047.png 768w\" sizes=\"(max-width: 910px) 100vw, 910px\" \/>\t\t\t\t\t\t\t\t\t\t\t\t\t\t\t<\/div>\n\t\t\t\t<\/div>\n\t\t\t\t\t<\/div>\n\t\t<\/div>\n\t\t\t\t<div class=\"elementor-column elementor-col-50 elementor-top-column elementor-element elementor-element-bffae6b\" data-id=\"bffae6b\" data-element_type=\"column\">\n\t\t\t<div class=\"elementor-widget-wrap elementor-element-populated\">\n\t\t\t\t\t\t<div class=\"elementor-element elementor-element-c08c887 elementor-widget elementor-widget-ot-testimonials-carousel\" data-id=\"c08c887\" data-element_type=\"widget\" data-widget_type=\"ot-testimonials-carousel.default\">\n\t\t\t\t<div class=\"elementor-widget-container\">\n\t\t\t\t\t\r\n\t\t<div class=\"ot-carousel ot-testimonial-carousel\" data-slider_options=\"{&quot;slides_show_desktop&quot;:1,&quot;slides_show_laptop&quot;:1,&quot;slides_show_tablet_extra&quot;:1,&quot;slides_show_tablet&quot;:1,&quot;slides_show_mobile_extra&quot;:1,&quot;slides_show_mobile&quot;:1,&quot;margin_desktop&quot;:0,&quot;margin_laptop&quot;:0,&quot;margin_tablet_extra&quot;:0,&quot;margin_tablet&quot;:0,&quot;margin_mobile_extra&quot;:0,&quot;margin_mobile&quot;:0,&quot;autoplay&quot;:&quot;yes&quot;,&quot;autoplay_time_out&quot;:7000,&quot;loop&quot;:&quot;no&quot;,&quot;arrows&quot;:false,&quot;dots&quot;:true}\">\r\n\t\t\t<div class=\"owl-carousel owl-theme\">\r\n\r\n\t\t\t\t\t\t\t\t<div class=\"ot-testimonial-item\">\r\n\t\t\t\t\t<div class=\"ot-testimonial-wrap card text-left\">\r\n\t\t\t\t\t\t<div class=\"ot-testimonial__inner card-body\">\r\n\t\t\t\t\t\t\t\t\t\t\t\t\t\t<blockquote class=\"icon mb-0 text-left \">\r\n\t\t\t\t\t\t\t\t<p class=\"blockquote-content\">\"Nos certificamos como emisores electr\u00f3nicos e integramos GAE en menos de una semana, ahora todo fluye solo.\"<\/p>\r\n\t\t\t\t\t\t\t\t<div class=\"blockquote-details\">\r\n\t\t\t\t\t\t\t\t\t\t\t\t\t\t\t\t\t\t<div class=\"info\">\r\n\t\t\t\t\t\t\t\t\t\t<h5 class=\"tname mb-1\"><\/h5>\r\n\t\t\t\t\t\t        \t\t\t\t\t\t\t\t\t\t\t<\/div>\r\n\t\t\t\t\t\t\t\t<\/div>\r\n\t\t\t\t\t\t\t<\/blockquote>\r\n\t\t\t        \t<\/div>\t\t\r\n\t\t\t\t    <\/div>\r\n\t\t\t\t<\/div>\r\n\t\t\t    \t\t\t\t<div class=\"ot-testimonial-item\">\r\n\t\t\t\t\t<div class=\"ot-testimonial-wrap card text-left\">\r\n\t\t\t\t\t\t<div class=\"ot-testimonial__inner card-body\">\r\n\t\t\t\t\t\t\t\t\t\t\t\t\t\t<blockquote class=\"icon mb-0 text-left \">\r\n\t\t\t\t\t\t\t\t<p class=\"blockquote-content\">\"Con GAE ahorramos dinero, tiempo y frustraci\u00f3n. Todo en uno\"<\/p>\r\n\t\t\t\t\t\t\t\t<div class=\"blockquote-details\">\r\n\t\t\t\t\t\t\t\t\t\t\t\t\t\t\t\t\t\t<div class=\"info\">\r\n\t\t\t\t\t\t\t\t\t\t<h5 class=\"tname mb-1\"><\/h5>\r\n\t\t\t\t\t\t        \t\t\t\t\t\t\t\t\t\t\t<\/div>\r\n\t\t\t\t\t\t\t\t<\/div>\r\n\t\t\t\t\t\t\t<\/blockquote>\r\n\t\t\t        \t<\/div>\t\t\r\n\t\t\t\t    <\/div>\r\n\t\t\t\t<\/div>\r\n\t\t\t    \t\t\t\t<div class=\"ot-testimonial-item\">\r\n\t\t\t\t\t<div class=\"ot-testimonial-wrap card text-left\">\r\n\t\t\t\t\t\t<div class=\"ot-testimonial__inner card-body\">\r\n\t\t\t\t\t\t\t\t\t\t\t\t\t\t<blockquote class=\"icon mb-0 text-left \">\r\n\t\t\t\t\t\t\t\t<p class=\"blockquote-content\">\u201cImplementar GAE fue un antes y un despu\u00e9s. Ya no perdemos tiempo ni recursos en procesos fiscales.\"<\/p>\r\n\t\t\t\t\t\t\t\t<div class=\"blockquote-details\">\r\n\t\t\t\t\t\t\t\t\t\t\t\t\t\t\t\t\t\t<div class=\"info\">\r\n\t\t\t\t\t\t\t\t\t\t<h5 class=\"tname mb-1\"><\/h5>\r\n\t\t\t\t\t\t        \t\t\t\t\t\t\t\t\t\t\t<\/div>\r\n\t\t\t\t\t\t\t\t<\/div>\r\n\t\t\t\t\t\t\t<\/blockquote>\r\n\t\t\t        \t<\/div>\t\t\r\n\t\t\t\t    <\/div>\r\n\t\t\t\t<\/div>\r\n\t\t\t    \t\t\t<\/div>\r\n\t\t<\/div>\r\n\r\n\t    \t\t\t\t<\/div>\n\t\t\t\t<\/div>\n\t\t\t\t\t<\/div>\n\t\t<\/div>\n\t\t\t\t\t<\/div>\n\t\t<\/section>\n\t\t\t\t<section class=\"elementor-section elementor-top-section elementor-element elementor-element-5508e8c elementor-section-content-middle elementor-section-boxed elementor-section-height-default elementor-section-height-default\" data-id=\"5508e8c\" data-element_type=\"section\" data-settings=\"{&quot;background_background&quot;:&quot;classic&quot;}\">\n\t\t\t\t\t\t<div class=\"elementor-container elementor-column-gap-default\">\n\t\t\t\t\t<div class=\"elementor-column elementor-col-50 elementor-top-column elementor-element elementor-element-8dad8e2\" data-id=\"8dad8e2\" data-element_type=\"column\">\n\t\t\t<div class=\"elementor-widget-wrap elementor-element-populated\">\n\t\t\t\t\t\t<div class=\"elementor-element elementor-element-ea5d85e elementor-absolute elementor-widget__width-initial elementor-hidden-mobile elementor-widget elementor-widget-html\" data-id=\"ea5d85e\" data-element_type=\"widget\" data-settings=\"{&quot;_position&quot;:&quot;absolute&quot;}\" data-widget_type=\"html.default\">\n\t\t\t\t<div class=\"elementor-widget-container\">\n\t\t\t\t\t<div class=\"bg-dot primary rellax w-17 h-21\" data-rellax-speed=\"1\"><\/div>\t\t\t\t<\/div>\n\t\t\t\t<\/div>\n\t\t\t\t<div class=\"elementor-element elementor-element-0f3b147 elementor-widget elementor-widget-image\" data-id=\"0f3b147\" data-element_type=\"widget\" data-widget_type=\"image.default\">\n\t\t\t\t<div class=\"elementor-widget-container\">\n\t\t\t\t\t\t\t\t\t\t\t\t\t\t\t<img loading=\"lazy\" decoding=\"async\" width=\"960\" height=\"1100\" src=\"https:\/\/gaedigital.com\/facturacionelectronica\/wp-content\/uploads\/2022\/09\/about4.jpg\" class=\"attachment-full size-full wp-image-4658\" alt=\"\" srcset=\"https:\/\/gaedigital.com\/facturacionelectronica\/wp-content\/uploads\/2022\/09\/about4.jpg 960w, https:\/\/gaedigital.com\/facturacionelectronica\/wp-content\/uploads\/2022\/09\/about4-262x300.jpg 262w, https:\/\/gaedigital.com\/facturacionelectronica\/wp-content\/uploads\/2022\/09\/about4-894x1024.jpg 894w, https:\/\/gaedigital.com\/facturacionelectronica\/wp-content\/uploads\/2022\/09\/about4-768x880.jpg 768w\" sizes=\"(max-width: 960px) 100vw, 960px\" \/>\t\t\t\t\t\t\t\t\t\t\t\t\t\t\t<\/div>\n\t\t\t\t<\/div>\n\t\t\t\t\t<\/div>\n\t\t<\/div>\n\t\t\t\t<div class=\"elementor-column elementor-col-50 elementor-top-column elementor-element elementor-element-723cc78\" data-id=\"723cc78\" data-element_type=\"column\">\n\t\t\t<div class=\"elementor-widget-wrap elementor-element-populated\">\n\t\t\t\t\t\t<div class=\"elementor-element elementor-element-41ac5ad ot-view-default elementor-widget elementor-widget-ot-iconbox\" data-id=\"41ac5ad\" data-element_type=\"widget\" data-widget_type=\"ot-iconbox.default\">\n\t\t\t\t<div class=\"elementor-widget-container\">\n\t\t\t\t\t\t\t<div class=\"ot-icon-box box-content\">\r\n\t\t\t\t        <div class=\"ot-icon-box__content\">\r\n\t        \t<h4 class=\"icon-box-title\">\u00bfA\u00fan con dudas? Organizemos una demostraci\u00f3n virtual<\/h4>\t\t\t\t\t\t\t\t\t\t\t<\/div>\t\r\n\t    <\/div>\r\n\t    \t\t\t\t<\/div>\n\t\t\t\t<\/div>\n\t\t\t\t<div class=\"elementor-element elementor-element-8ec5e4d ot-position-left ot-view-default ot-vertical-align-top elementor-widget elementor-widget-ot-iconbox\" data-id=\"8ec5e4d\" data-element_type=\"widget\" data-widget_type=\"ot-iconbox.default\">\n\t\t\t\t<div class=\"elementor-widget-container\">\n\t\t\t\t\t\t\t<div class=\"ot-icon-box box-content\">\r\n\t\t\t\t\t\t<div class=\"ot-icon-box__icon flex-gap\">\r\n\t\t\t\t<i aria-hidden=\"true\" class=\" uil-location-pin-alt\"><\/i>\t        <\/div>\r\n\t        \t        <div class=\"ot-icon-box__content\">\r\n\t        \t<h4 class=\"icon-box-title\">Direcci\u00f3n<\/h4>\t\t\t\t<div class=\"icon-box-des\">Av. Gustavo Mej\u00eda Ricart #81. Torre Profesional OV. Piso 9<\/div>\t\t\t\t\t\t\t<\/div>\t\r\n\t    <\/div>\r\n\t    \t\t\t\t<\/div>\n\t\t\t\t<\/div>\n\t\t\t\t<div class=\"elementor-element elementor-element-154ae94 ot-position-left ot-view-default ot-vertical-align-top elementor-widget elementor-widget-ot-iconbox\" data-id=\"154ae94\" data-element_type=\"widget\" data-widget_type=\"ot-iconbox.default\">\n\t\t\t\t<div class=\"elementor-widget-container\">\n\t\t\t\t\t\t\t<div class=\"ot-icon-box box-content\">\r\n\t\t\t\t\t\t<div class=\"ot-icon-box__icon flex-gap\">\r\n\t\t\t\t<i aria-hidden=\"true\" class=\" uil-phone-volume\"><\/i>\t        <\/div>\r\n\t        \t        <div class=\"ot-icon-box__content\">\r\n\t        \t<h4 class=\"icon-box-title\">Tel\u00e9fono<\/h4>\t\t\t\t<div class=\"icon-box-des\">+1  (809) 542 3100<\/div>\t\t\t\t\t\t\t<\/div>\t\r\n\t    <\/div>\r\n\t    \t\t\t\t<\/div>\n\t\t\t\t<\/div>\n\t\t\t\t<div class=\"elementor-element elementor-element-f52ee12 ot-position-left ot-view-default ot-vertical-align-top elementor-widget elementor-widget-ot-iconbox\" data-id=\"f52ee12\" data-element_type=\"widget\" data-widget_type=\"ot-iconbox.default\">\n\t\t\t\t<div class=\"elementor-widget-container\">\n\t\t\t\t\t\t\t<div class=\"ot-icon-box box-content\">\r\n\t\t\t\t\t\t<div class=\"ot-icon-box__icon flex-gap\">\r\n\t\t\t\t<i aria-hidden=\"true\" class=\" uil-envelope-alt\"><\/i>\t        <\/div>\r\n\t        \t        <div class=\"ot-icon-box__content\">\r\n\t        \t<h4 class=\"icon-box-title\">E-mail<\/h4>\t\t\t\t<div class=\"icon-box-des\">info@gaedigital.com<\/div>\t\t\t\t\t\t\t<\/div>\t\r\n\t    <\/div>\r\n\t    \t\t\t\t<\/div>\n\t\t\t\t<\/div>\n\t\t\t\t\t<\/div>\n\t\t<\/div>\n\t\t\t\t\t<\/div>\n\t\t<\/section>\n\t\t\t\t<\/div>\n\t\t","protected":false},"excerpt":{"rendered":"<p>Existimos para ayudarte a tener \u00e9xito. En GAE, nuestra misi\u00f3n es facilitar a las organizaciones sus procesos comerciales a trav\u00e9s de herramientas digitales que se integren a sus sistemas y que faciliten la interacci\u00f3n con sus proveedores y clientes. \u00bfQui\u00e9nes Somos? GAE Business S A S es una empresa dedicada a desarrollar soluciones tecnol\u00f3gicas que [&hellip;]<\/p>\n","protected":false},"author":1,"featured_media":0,"parent":0,"menu_order":0,"comment_status":"closed","ping_status":"closed","template":"","meta":{"footnotes":""},"class_list":["post-4167","page","type-page","status-publish","hentry"],"_links":{"self":[{"href":"https:\/\/gaedigital.com\/facturacionelectronica\/wp-json\/wp\/v2\/pages\/4167","targetHints":{"allow":["GET"]}}],"collection":[{"href":"https:\/\/gaedigital.com\/facturacionelectronica\/wp-json\/wp\/v2\/pages"}],"about":[{"href":"https:\/\/gaedigital.com\/facturacionelectronica\/wp-json\/wp\/v2\/types\/page"}],"author":[{"embeddable":true,"href":"https:\/\/gaedigital.com\/facturacionelectronica\/wp-json\/wp\/v2\/users\/1"}],"replies":[{"embeddable":true,"href":"https:\/\/gaedigital.com\/facturacionelectronica\/wp-json\/wp\/v2\/comments?post=4167"}],"version-history":[{"count":24,"href":"https:\/\/gaedigital.com\/facturacionelectronica\/wp-json\/wp\/v2\/pages\/4167\/revisions"}],"predecessor-version":[{"id":15349,"href":"https:\/\/gaedigital.com\/facturacionelectronica\/wp-json\/wp\/v2\/pages\/4167\/revisions\/15349"}],"wp:attachment":[{"href":"https:\/\/gaedigital.com\/facturacionelectronica\/wp-json\/wp\/v2\/media?parent=4167"}],"curies":[{"name":"wp","href":"https:\/\/api.w.org\/{rel}","templated":true}]}}